{"id":559,"date":"2020-11-08T20:40:28","date_gmt":"2020-11-08T20:40:28","guid":{"rendered":"https:\/\/www.autofuchs.bayern\/?page_id=559"},"modified":"2021-05-26T09:42:20","modified_gmt":"2021-05-26T09:42:20","slug":"impressum","status":"publish","type":"page","link":"https:\/\/www.autofuchs.bayern\/index.php\/impressum\/","title":{"rendered":"impressum"},"content":{"rendered":"<div class=\"col-md-12\">\n<h2 style=\"text-align: left;\">IMPRESSUM<\/h2>\n<p><strong>F\u00fcr den Inhalt verantwortlich<br \/>\n<\/strong><\/p>\n<p class=\"p1\">AUTO FUCHS<br \/>\nInhaber Wolfgang Maier e.K.<\/p>\n<p class=\"p1\">Hauptstra\u00dfe 18<br \/>\n94148 Kirchham<br \/>\nTel.: 08533 \u2013 961610<br \/>\nFax: 08533 \u2013 961617<\/p>\n<p class=\"p2\"><span class=\"s1\">E.Mail: <a href=\"mailto:info@autofuchs.bayern\" target=\"_blank\" rel=\"noopener noreferrer\"><span class=\"s2\">info@autofuchs.bayern<\/span><\/a><\/span><\/p>\n<p>Online-Streitbeilegung gem\u00e4\u00df Art. 14 Abs. 1 ODR-VO: Die Europ\u00e4ische Kommission stellt eine Plattform zur Online-Streitbeilegung (OS) bereit, die Sie unter <a href=\"https:\/\/ec.europa.eu\/consumers\/odr\" target=\"_blank\" rel=\"noopener noreferrer\">https:\/\/ec.europa.eu\/consumers\/odr<\/a>\u00a0finden.<br \/>\nWir sind nicht verpflichtet an einem Streitbeilegungsverfahren vor einer Verbraucherschlichtungsstelle teilzunehmen und haben uns daher gegen eine freiwillige Teilnahme entschieden.<\/p>\n<p><strong>Urheberrecht\/Copyright<\/strong><br \/>\nAlle Inhalte, Fotos, Abbildungen, Grafiken und Designs inkl. Quelltexte dieser Webseiten unterliegen dem Schutz des Urheberrechts und anderer Schutzgesetze geistigen Eigentums und d\u00fcrfen ohne schriftliche Genehmigung weder kopiert, vervielf\u00e4ltigt, verbreitet, ver\u00e4ndert, \u00fcbertragen, gespeichert noch zu Vorlagenzwecken verwendet oder Dritten zug\u00e4nglich gemacht werden. Hiervon ausgenommen sind Dateien, die auf unseren Webseiten ausdr\u00fccklich zum Download zur Anschau und f\u00fcr den Ausdruck angeboten werden. Das Material darf ausschlie\u00dflich zum privaten, nichtkommerziellen Gebrauch zum Zweck der Information unter strikter Einhaltung des Urheberrechts benutzt werden.<br \/>\nEinige Seiten enthalten au\u00dferdem Bilder, die dem Copyright Dritter unterliegen.<\/p>\n<p><strong>Bildnachweise<\/strong><\/p>\n<p><strong>Haftungshinweis: <\/strong>Trotz sorgf\u00e4ltiger inhaltlicher Kontrolle \u00fcbernehmen wir keine Haftung f\u00fcr die Inhalte externer Links. F\u00fcr den Inhalt der verlinkten Seiten sind ausschlie\u00dflich deren Betreiber verantwortlich.<\/p>\n<\/div>\n<p><!-- \/wp:heading --><\/p>\n","protected":false},"excerpt":{"rendered":"<p>IMPRESSUM F\u00fcr den Inhalt verantwortlich AUTO FUCHS Inhaber Wolfgang Maier e.K. Hauptstra\u00dfe 18 94148 Kirchham Tel.: [&hellip;]<\/p>\n","protected":false},"author":1,"featured_media":0,"parent":0,"menu_order":0,"comment_status":"closed","ping_status":"open","template":"","meta":[],"yoast_head":"<!-- This site is optimized with the Yoast SEO plugin v15.2 - https:\/\/yoast.com\/wordpress\/plugins\/seo\/ -->\n<title>impressum - Auto Fuchs Kirchham \u2013 Inhaber Wolfgang Maier<\/title>\n<meta name=\"robots\" content=\"index, follow, max-snippet:-1, max-image-preview:large, max-video-preview:-1\" \/>\n<link rel=\"canonical\" href=\"https:\/\/www.autofuchs.bayern\/index.php\/impressum\/\" \/>\n<meta property=\"og:locale\" content=\"de_DE\" \/>\n<meta property=\"og:type\" content=\"article\" \/>\n<meta property=\"og:title\" content=\"impressum - Auto Fuchs Kirchham \u2013 Inhaber Wolfgang Maier\" \/>\n<meta property=\"og:description\" content=\"IMPRESSUM F\u00fcr den Inhalt verantwortlich AUTO FUCHS Inhaber Wolfgang Maier e.K. Hauptstra\u00dfe 18 94148 Kirchham Tel.: [&hellip;]\" \/>\n<meta property=\"og:url\" content=\"https:\/\/www.autofuchs.bayern\/index.php\/impressum\/\" \/>\n<meta property=\"og:site_name\" content=\"Auto Fuchs Kirchham \u2013 Inhaber Wolfgang Maier\" \/>\n<meta property=\"article:modified_time\" content=\"2021-05-26T09:42:20+00:00\" \/>\n<meta name=\"twitter:card\" content=\"summary_large_image\" \/>\n<meta name=\"twitter:label1\" value=\"Written by\">\n\t<meta name=\"twitter:data1\" value=\"admin\">\n\t<meta name=\"twitter:label2\" value=\"Est. reading time\">\n\t<meta name=\"twitter:data2\" value=\"1\u00a0Minute\">\n<script type=\"application\/ld+json\" class=\"yoast-schema-graph\">{\"@context\":\"https:\/\/schema.org\",\"@graph\":[{\"@type\":\"WebSite\",\"@id\":\"https:\/\/www.autofuchs.bayern\/#website\",\"url\":\"https:\/\/www.autofuchs.bayern\/\",\"name\":\"Auto Fuchs Kirchham \\u2013 Inhaber Wolfgang Maier\",\"description\":\"KFZ-Handel und Werkstatt\",\"potentialAction\":[{\"@type\":\"SearchAction\",\"target\":\"https:\/\/www.autofuchs.bayern\/?s={search_term_string}\",\"query-input\":\"required name=search_term_string\"}],\"inLanguage\":\"de\"},{\"@type\":\"WebPage\",\"@id\":\"https:\/\/www.autofuchs.bayern\/index.php\/impressum\/#webpage\",\"url\":\"https:\/\/www.autofuchs.bayern\/index.php\/impressum\/\",\"name\":\"impressum - Auto Fuchs Kirchham \\u2013 Inhaber Wolfgang Maier\",\"isPartOf\":{\"@id\":\"https:\/\/www.autofuchs.bayern\/#website\"},\"datePublished\":\"2020-11-08T20:40:28+00:00\",\"dateModified\":\"2021-05-26T09:42:20+00:00\",\"inLanguage\":\"de\",\"potentialAction\":[{\"@type\":\"ReadAction\",\"target\":[\"https:\/\/www.autofuchs.bayern\/index.php\/impressum\/\"]}]}]}<\/script>\n<!-- \/ Yoast SEO plugin. -->","_links":{"self":[{"href":"https:\/\/www.autofuchs.bayern\/index.php\/wp-json\/wp\/v2\/pages\/559"}],"collection":[{"href":"https:\/\/www.autofuchs.bayern\/index.php\/wp-json\/wp\/v2\/pages"}],"about":[{"href":"https:\/\/www.autofuchs.bayern\/index.php\/wp-json\/wp\/v2\/types\/page"}],"author":[{"embeddable":true,"href":"https:\/\/www.autofuchs.bayern\/index.php\/wp-json\/wp\/v2\/users\/1"}],"replies":[{"embeddable":true,"href":"https:\/\/www.autofuchs.bayern\/index.php\/wp-json\/wp\/v2\/comments?post=559"}],"version-history":[{"count":2,"href":"https:\/\/www.autofuchs.bayern\/index.php\/wp-json\/wp\/v2\/pages\/559\/revisions"}],"predecessor-version":[{"id":574,"href":"https:\/\/www.autofuchs.bayern\/index.php\/wp-json\/wp\/v2\/pages\/559\/revisions\/574"}],"wp:attachment":[{"href":"https:\/\/www.autofuchs.bayern\/index.php\/wp-json\/wp\/v2\/media?parent=559"}],"curies":[{"name":"wp","href":"https:\/\/api.w.org\/{rel}","templated":true}]}}